{"id":257,"date":"2025-11-10T14:17:56","date_gmt":"2025-11-10T14:17:56","guid":{"rendered":"https:\/\/devw.ultragenyx.eu\/ch\/?page_id=257"},"modified":"2025-12-15T10:20:47","modified_gmt":"2025-12-15T10:20:47","slug":"cookie-richtlinie","status":"publish","type":"page","link":"https:\/\/www.ultragenyx.eu\/ch\/switzerland-deutsch\/cookie-richtlinie\/","title":{"rendered":"Cookie-Richtlinie"},"content":{"rendered":"<div class=\"page-banner banner-fullwidth post_specific_bgc ugx-blog-page\">\n<div class=\"background-bg d-none d-lg-block\" style=\"background-image: url('\/ch\/wp-content\/uploads\/2025\/09\/banner-scaled.jpg');\"><\/div>\n<div class=\"background-bg d-lg-none\" style=\"background-image: url('\/ch\/wp-content\/uploads\/2025\/09\/Header_mobile_404-1.png');\"><\/div>\n<div class=\"container\">\n<div class=\"row\">\n<div class=\"col-12 col-lg-9 ulgx-ch-zIndex banner-inner-content\">\n<h1>Cookie-Richtlinie<\/h1>\n<p>Zuletzt aktualisiert am: 17. Aug 2020<\/p>\n<\/div>\n<\/div>\n<\/div>\n<\/div>\n<div class=\"container section-pt-pb-60\">\n<div class=\"row\">\n<div class=\"col-12\">\n<p>Diese Cookie-Richtlinie gilt f\u00fcr die Ultragenyx-Website (die \u201cWebsite\u201d). Bitte lesen Sie diese Cookie-Richtlinie sorgf\u00e4ltig durch und kontaktieren Sie uns, wenn Sie Fragen zu den Kontaktinformationen haben, die entweder am Ende dieser Cookies-Richtlinie oder in unserer Datenschutzrichtlinie enthalten sind. Weitere Informationen zu unseren <a href=\"https:\/\/www.ultragenyx.com\/german\/privacy-policy\/\" class=\"service_link\" target=\"_blank\">Datenschutzpraktiken<\/a> finden Sie in unserer Datenschutzrichtlinien.<\/p>\n<h4><b>Was sind Cookies und wie verwenden wir sie?<\/b><\/h4>\n<p><\/p>\n<p>Ein Cookie ist eine kleine Textdatei, die eine Website auf Ihrem Computer oder mobilen Ger\u00e4t speichert, wenn Sie Websites besuchen. Wir und Dritten verwenden Cookies und andere Verfolgungstechnologien, um die Gesamtzahl der Besucher auf unserer Website, die Anzahl der Besucher auf jeder Seite unserer Website, die Reihenfolge oder Dauer der Besucher auf jeder Seite, IP-Adressen und die Domainnamen der Internet Service Provider unserer Benutzer zu verfolgen. Wir analysieren diese Informationen, damit wir besser verstehen k\u00f6nnen, wie Benutzer unsere Website nutzen, Wege finden, um Ihr Erlebnis zu verbessern und wie anderweitig in unserer Datenschutzerkl\u00e4rung beschrieben. Wir speichern Einzel- oder Ger\u00e4teinformationen, die wir \u00fcber Cookies erfassen, bis zu [12 Monate] nach der Erfassung.<\/p>\n<p><\/p>\n<h4><b>Auf der Website verwendete Cookies<\/b><\/h4>\n<p><\/p>\n<p>Eine vollst\u00e4ndige Liste der Cookies, die wir auf unserer Website verwenden, finden Sie im Folgenden.<\/p>\n<table class=\"policy-table\">\n<tbody style=\" width: 100%;\" border=\"1\">\n<tr>\n<td width=\"188\">Art des Cookies<\/td>\n<td>Name<\/td>\n<td>Zweck des Cookies<\/td>\n<\/tr>\n<tr>\n<td width=\"188\">WordPress Visitor<\/td>\n<td>user_cookie_save<\/td>\n<td>Dieses Cookie speichert die Informationen der Besucher der Website, damit sie wiederverwendet werden k\u00f6nnen.<\/td>\n<\/tr>\n<tr>\n<td width=\"188\">Adobe Sitecatalyst<\/td>\n<td>AMCV_##@AdobeOrg<br \/>\n                s_c<br \/>\n                s_cc<br \/>\n                s_sq<br \/>\n                s_vi<br \/>\n                s_fid\n                <\/td>\n<td>Diese Cookies werden verwendet, um neue Besucher zu definieren, Clickstream-Daten zu analysieren und historische Aktivit\u00e4ten auf der Website zu verfolgen.<\/td>\n<\/tr>\n<tr>\n<td width=\"188\">Google Analytics<\/td>\n<td>_ga<br \/>\n                _gali<br \/>\n                _gat<br \/>\n                _gid\n            <\/td>\n<td>Diese Cookies werden verwendet, um Informationen dar\u00fcber zu sammeln, wie Besucher unsere Website nutzen. Wir verwenden die Informationen, um Berichte zu erstellen und die Website und die Benutzerfreundlichkeit zu verbessern. Die Cookies sammeln Informationen, wie z.B. die Anzahl der Besucher der Website und des Blogs, von denen aus Besucher auf die Website gekommen sind und die von ihnen besuchten Seiten, die am h\u00e4ufigsten gelesenen Seiten, die aufgewendete Zeit, Suchbegriffe und andere Daten zur Interaktion.<\/td>\n<\/tr>\n<\/tbody>\n<\/table>\n<p>Die spezifischen Namen der Cookies k\u00f6nnen variieren, je nachdem, wie weit unsere Dienste verbessert und aktualisiert werden. Solche Cookies sind jedoch in der Regel auf die oben genannten Kategorien beschr\u00e4nkt.<\/p>\n<h4><b>Wie man Cookies kontrolliert<\/b><\/h4>\n<p>\n    Weitere Informationen \u00fcber Ihre M\u00f6glichkeiten, Cookies zu kontrollieren und\/oder zu l\u00f6schen, finden Sie unter <a href=\"https:\/\/www.aboutcookies.org\" class=\"ext_link\" target=\"_blank\"><u>www.aboutcookies.org<\/u><\/a>. Die meisten Browser erm\u00f6glichen es Ihnen auch, Einstellungen vorzunehmen, um das Setzen von Cookies zu verhindern. Wenn Sie dies tun, m\u00fcssen Sie jedoch m\u00f6glicherweise bei jedem Besuch einer Website einige Einstellungen manuell anpassen, und einige Dienste und Funktionalit\u00e4ten auf unserer Website funktionieren m\u00f6glicherweise nicht.\n<\/p>\n<p>Erfahren Sie, wie Sie Cookies in g\u00e4ngigen Browsern verwalten k\u00f6nnen:<\/p>\n<ul class=\"privacy__list\">\n<li><a class=\"external-link ext_link\" data-toggle=\"modal\" data-target=\"#notificationModal\"\n            href=\"https:\/\/support.mozilla.org\/en-US\/kb\/delete-cookies-remove-info-websites-stored\" target=\"_blank\"\n            rel=\"noopener\">Mozilla Firefox<br \/>\n        <\/a><\/li>\n<li><a class=\"external-link ext_link\" data-toggle=\"modal\" data-target=\"#notificationModal\"\n            href=\"https:\/\/support.google.com\/chrome\/answer\/95647?co=GENIE.Platform%3DDesktop&amp;hl=en\" target=\"_blank\"\n            rel=\"noopener\">Google Chrome<br \/>\n        <\/a><\/li>\n<li><a class=\"external-link ext_link\" data-toggle=\"modal\" data-target=\"#notificationModal\"\n            href=\"https:\/\/www.apple.com\/legal\/privacy\/en-ww\/cookies\/\" target=\"_blank\" rel=\"noopener\">Safari<br \/>\n        <\/a>\n    <\/li>\n<li><a class=\"external-link ext_link\" data-toggle=\"modal\" data-target=\"#notificationModal\"\n            href=\"http:\/\/www.opera.com\/help\/tutorials\/security\/privacy\/\" target=\"_blank\" rel=\"noopener\">Opera<br \/>\n        <\/a>\n    <\/li>\n<li><a class=\"external-link ext_link\" data-toggle=\"modal\" data-target=\"#notificationModal\"\n            href=\"https:\/\/support.microsoft.com\/help\/4027947\" target=\"_blank\" rel=\"noopener\">Microsoft Edge<br \/>\n        <\/a>\n    <\/li>\n<\/ul>\n<p><\/p>\n<p>\n    Um Informationen zu anderen Browsern zu erhalten, besuchen Sie die Website des Browserentwicklers.\n<\/p>\n<p>Wenn Sie sich gegen die Verwendung Ihrer Daten durch Google Analytics entscheiden m\u00f6chten, besuchen Sie bitte die Seite: <a href=\"https:\/\/tools.google.com\/dlpage\/gaoptout\" class=\"ext_link\" target=\"_blank\">https:\/\/tools.google.com\/dlpage\/gaoptout<\/a>.<\/p>\n<h4><b>Kontaktieren Sie uns<\/b><\/h4>\n<p>\n    Wir sind per E-Mail unter <a href=\"mailto:info@ultragenyx.com\">info@ultragenyx.com<\/a> zu erreichen. Weitere Informationen zu unseren <a href=\"https:\/\/ultragenyx.eu\/ch\/switzerland-germany\/datenschutzrichtlinien\/\" target=\"_blank\" class=\"ext_link\">Datenschutzpraktiken<\/a> finden Sie in unserer Datenschutzerkl\u00e4rung.\n<\/p>\n<\/div>\n<\/div>\n<\/div>\n<p><!-- OneTrust cookies list start --><\/p>\n<div id=\"ot-sdk-cookie-policy\"><\/div>\n<p><!-- OneTrust cookies list end --><\/p>\n","protected":false},"excerpt":{"rendered":"<p>Cookie-Richtlinie Zuletzt aktualisiert am: 17. Aug 2020 Diese Cookie-Richtlinie gilt f\u00fcr die Ultragenyx-Website (die \u201cWebsite\u201d). Bitte lesen Sie diese Cookie-Richtlinie sorgf\u00e4ltig durch und kontaktieren Sie uns, wenn Sie Fragen zu den Kontaktinformationen haben, die entweder am Ende dieser Cookies-Richtlinie oder in unserer Datenschutzrichtlinie enthalten sind. Weitere Informationen zu unseren Datenschutzpraktiken finden Sie in unserer Datenschutzrichtlinien. [&hellip;]<\/p>\n","protected":false},"author":5,"featured_media":0,"parent":14,"menu_order":0,"comment_status":"closed","ping_status":"closed","template":"","meta":{"footnotes":""},"class_list":["post-257","page","type-page","status-publish","hentry"],"_links":{"self":[{"href":"https:\/\/www.ultragenyx.eu\/ch\/wp-json\/wp\/v2\/pages\/257","targetHints":{"allow":["GET"]}}],"collection":[{"href":"https:\/\/www.ultragenyx.eu\/ch\/wp-json\/wp\/v2\/pages"}],"about":[{"href":"https:\/\/www.ultragenyx.eu\/ch\/wp-json\/wp\/v2\/types\/page"}],"author":[{"embeddable":true,"href":"https:\/\/www.ultragenyx.eu\/ch\/wp-json\/wp\/v2\/users\/5"}],"replies":[{"embeddable":true,"href":"https:\/\/www.ultragenyx.eu\/ch\/wp-json\/wp\/v2\/comments?post=257"}],"version-history":[{"count":26,"href":"https:\/\/www.ultragenyx.eu\/ch\/wp-json\/wp\/v2\/pages\/257\/revisions"}],"predecessor-version":[{"id":422,"href":"https:\/\/www.ultragenyx.eu\/ch\/wp-json\/wp\/v2\/pages\/257\/revisions\/422"}],"up":[{"embeddable":true,"href":"https:\/\/www.ultragenyx.eu\/ch\/wp-json\/wp\/v2\/pages\/14"}],"wp:attachment":[{"href":"https:\/\/www.ultragenyx.eu\/ch\/wp-json\/wp\/v2\/media?parent=257"}],"curies":[{"name":"wp","href":"https:\/\/api.w.org\/{rel}","templated":true}]}}