{"id":76,"date":"2025-09-04T12:48:00","date_gmt":"2025-09-04T12:48:00","guid":{"rendered":"https:\/\/devw.ultragenyx.eu\/ch\/?page_id=76"},"modified":"2025-12-15T10:21:43","modified_gmt":"2025-12-15T10:21:43","slug":"kontakt","status":"publish","type":"page","link":"https:\/\/www.ultragenyx.eu\/ch\/switzerland-deutsch\/kontakt\/","title":{"rendered":"Kontakt"},"content":{"rendered":"<div class=\"page-banner banner-fullwidth post_specific_bgc ugx-blog-page\">\n<div class=\"background-bg d-none d-lg-block\" style=\"background-image: url('\/ch\/wp-content\/uploads\/2025\/09\/banner-scaled.jpg');\"><\/div>\n<div class=\"background-bg d-lg-none\" style=\"background-image: url('\/ch\/wp-content\/uploads\/2025\/09\/Header_mobile_404-1.png');\"><\/div>\n<div class=\"container\">\n<div class=\"row\">\n<div class=\"col-12 col-lg-9 ulgx-ch-zIndex banner-inner-content\">\n<h1>Kontakt<\/h1>\n<\/div>\n<\/div>\n<\/div>\n<\/div>\n<div class=\"container\">\n<section class=\"content\">\n<div class=\"address\">\n<h3 class=\"fw-bold\">Adresse<\/h3>\n<p>Ultragenyx Europe GmbH<br \/>\nLichtstrasse 35<br \/>\nPostfach 3775<br \/>\n4002 Basel<br \/>\nSchweiz<\/p>\n<p>&nbsp;<\/p>\n<h3 class=\"fw-bold\">So k\u00f6nnen Sie sich an uns wenden<\/h3>\n<p><a href=\"mailto:info-ch@ultragenyx.com\"><i class=\"fa-regular fa-envelope\"><\/i> info-ch@ultragenyx.com<\/a><\/p>\n<p>&nbsp;<\/p>\n<p><em>Weitere Informationen erhalten Sie auch auf der<\/em><br \/>\n<em>Webseite<\/em><br \/>\n<em>unserer amerikanischen Muttergesellschaft:<\/em><br \/>\n<a href=\"https:\/\/www.ultragenyx.com\/\"><em>https:\/\/www.ultragenyx.com\/<\/em> <i class=\"fa-solid fa-arrow-up-right-from-square\"><\/i><\/a><\/p>\n<\/div>\n<div class=\"about\">\n<h3 class=\"fw-bold\">\u00dcber Ultragenyx<\/h3>\n<p class=\"mt-3\">Ultragenyx ist ein forschendes, b\u00f6rsennotiertes biopharmazeutisches Unternehmen mit Sitz in Novato, Kalifornien (USA), das neuartige Arzneimittel zur Behandlung seltener Krankheiten entwickelt. Der Schwerpunkt liegt dabei auf schweren erblich bedingten Krankheiten. Seit der Gr\u00fcndung im Jahre 2010 hat Ultragenyx ein breites Portfolio verschiedener Substanzen entwickelt mit dem Ziel, damit Krankheiten mit hohem medizinischen Bedarf zu behandeln, f\u00fcr die bisher keine Therapien verf\u00fcgbar sind.<\/p>\n<p class=\"mt-3\">Derzeit untersucht Ultragenyx mehrere Substanzen in klinischen und pr\u00e4klinischen Studien.<\/p>\n<p class=\"mt-3\">Das Management von Ultragenyx verf\u00fcgt \u00fcber umfangreiche Erfahrung in der Entwicklung von Therapeutika zur Behandlung seltener Krankheiten. Aufgrund des dringenden Bedarfs an neuen Medikamenten f\u00fcr bisher nicht zufriedenstellend behandelbare seltene Krankheiten beruht die Strategie von Ultragenyx auf der schnellen Entwicklung sicherer und wirksamer Therapien.<\/p>\n<p class=\"mt-3\">Im Fr\u00fchling 2016 wurde die Ultragenyx Europe GmbH als europ\u00e4ische Niederlassung mit Sitz in Basel gegr\u00fcndet.<\/p>\n<\/div>\n<\/section>\n<\/div>\n","protected":false},"excerpt":{"rendered":"<p>Kontakt Adresse Ultragenyx Europe GmbH Lichtstrasse 35 Postfach 3775 4002 Basel Schweiz &nbsp; So k\u00f6nnen Sie sich an uns wenden info-ch@ultragenyx.com &nbsp; Weitere Informationen erhalten Sie auch auf der Webseite unserer amerikanischen Muttergesellschaft: https:\/\/www.ultragenyx.com\/ \u00dcber Ultragenyx Ultragenyx ist ein forschendes, b\u00f6rsennotiertes biopharmazeutisches Unternehmen mit Sitz in Novato, Kalifornien (USA), das neuartige Arzneimittel zur Behandlung seltener [&hellip;]<\/p>\n","protected":false},"author":1,"featured_media":0,"parent":14,"menu_order":0,"comment_status":"closed","ping_status":"closed","template":"","meta":{"footnotes":""},"class_list":["post-76","page","type-page","status-publish","hentry"],"_links":{"self":[{"href":"https:\/\/www.ultragenyx.eu\/ch\/wp-json\/wp\/v2\/pages\/76","targetHints":{"allow":["GET"]}}],"collection":[{"href":"https:\/\/www.ultragenyx.eu\/ch\/wp-json\/wp\/v2\/pages"}],"about":[{"href":"https:\/\/www.ultragenyx.eu\/ch\/wp-json\/wp\/v2\/types\/page"}],"author":[{"embeddable":true,"href":"https:\/\/www.ultragenyx.eu\/ch\/wp-json\/wp\/v2\/users\/1"}],"replies":[{"embeddable":true,"href":"https:\/\/www.ultragenyx.eu\/ch\/wp-json\/wp\/v2\/comments?post=76"}],"version-history":[{"count":43,"href":"https:\/\/www.ultragenyx.eu\/ch\/wp-json\/wp\/v2\/pages\/76\/revisions"}],"predecessor-version":[{"id":424,"href":"https:\/\/www.ultragenyx.eu\/ch\/wp-json\/wp\/v2\/pages\/76\/revisions\/424"}],"up":[{"embeddable":true,"href":"https:\/\/www.ultragenyx.eu\/ch\/wp-json\/wp\/v2\/pages\/14"}],"wp:attachment":[{"href":"https:\/\/www.ultragenyx.eu\/ch\/wp-json\/wp\/v2\/media?parent=76"}],"curies":[{"name":"wp","href":"https:\/\/api.w.org\/{rel}","templated":true}]}}